{"id":475,"date":"2025-06-18T08:41:05","date_gmt":"2025-06-18T08:41:05","guid":{"rendered":"https:\/\/novosite.ohuasi.ao\/?page_id=475"},"modified":"2025-06-27T10:39:54","modified_gmt":"2025-06-27T10:39:54","slug":"jose-rabuge","status":"publish","type":"page","link":"https:\/\/ohuasi.ao\/en\/jose-rabuge\/","title":{"rendered":"Jos\u00e9 Rabuge"},"content":{"rendered":"<div data-elementor-type=\"wp-page\" data-elementor-id=\"475\" class=\"elementor elementor-475\" data-elementor-post-type=\"page\">\n\t\t\t\t<div data-particle_enable=\"false\" data-particle-mobile-disabled=\"false\" class=\"elementor-element elementor-element-51280972 e-con-full e-flex e-con e-parent\" data-id=\"51280972\" data-element_type=\"container\" data-e-type=\"container\" data-settings=\"{&quot;background_background&quot;:&quot;classic&quot;}\">\n\t\t<div data-particle_enable=\"false\" data-particle-mobile-disabled=\"false\" class=\"elementor-element elementor-element-7bcb9ace e-con-full e-flex e-con e-child\" data-id=\"7bcb9ace\" data-element_type=\"container\" data-e-type=\"container\">\n\t\t\t\t<div class=\"elementor-element elementor-element-a3442ae elementor-widget-divider--view-line elementor-widget elementor-widget-divider\" data-id=\"a3442ae\" data-element_type=\"widget\" data-e-type=\"widget\" data-widget_type=\"divider.default\">\n\t\t\t\t<div class=\"elementor-widget-container\">\n\t\t\t\t\t\t\t<div class=\"elementor-divider\">\n\t\t\t<span class=\"elementor-divider-separator\">\n\t\t\t\t\t\t<\/span>\n\t\t<\/div>\n\t\t\t\t\t\t<\/div>\n\t\t\t\t<\/div>\n\t\t<div data-particle_enable=\"false\" data-particle-mobile-disabled=\"false\" class=\"elementor-element elementor-element-2519db8f e-con-full e-flex e-con e-child\" data-id=\"2519db8f\" data-element_type=\"container\" data-e-type=\"container\">\n\t\t<div data-particle_enable=\"false\" data-particle-mobile-disabled=\"false\" class=\"elementor-element elementor-element-25350c60 e-con-full e-flex e-con e-child\" data-id=\"25350c60\" data-element_type=\"container\" data-e-type=\"container\">\n\t\t\t\t<div class=\"elementor-element elementor-element-208721d7 elementor-widget elementor-widget-heading\" data-id=\"208721d7\" data-element_type=\"widget\" data-e-type=\"widget\" data-widget_type=\"heading.default\">\n\t\t\t\t<div class=\"elementor-widget-container\">\n\t\t\t\t\t<h2 class=\"elementor-heading-title elementor-size-default\">Jos\u00e9 Rabuge<\/h2>\t\t\t\t<\/div>\n\t\t\t\t<\/div>\n\t\t\t\t<div class=\"elementor-element elementor-element-50bfe8a7 elementor-widget elementor-widget-heading\" data-id=\"50bfe8a7\" data-element_type=\"widget\" data-e-type=\"widget\" data-widget_type=\"heading.default\">\n\t\t\t\t<div class=\"elementor-widget-container\">\n\t\t\t\t\t<h6 class=\"elementor-heading-title elementor-size-default\">Administrator<\/h6>\t\t\t\t<\/div>\n\t\t\t\t<\/div>\n\t\t\t\t<div class=\"elementor-element elementor-element-392fff20 elementor-widget elementor-widget-image\" data-id=\"392fff20\" data-element_type=\"widget\" data-e-type=\"widget\" data-widget_type=\"image.default\">\n\t\t\t\t<div class=\"elementor-widget-container\">\n\t\t\t\t\t\t\t\t\t\t\t\t\t\t\t<img fetchpriority=\"high\" decoding=\"async\" width=\"533\" height=\"696\" src=\"https:\/\/ohuasi.ao\/wp-content\/uploads\/2025\/06\/Jose-Rabuge-1.jpg\" class=\"attachment-full size-full wp-image-480\" alt=\"\" \/>\t\t\t\t\t\t\t\t\t\t\t\t\t\t\t<\/div>\n\t\t\t\t<\/div>\n\t\t\t\t<\/div>\n\t\t<div data-particle_enable=\"false\" data-particle-mobile-disabled=\"false\" class=\"elementor-element elementor-element-64fbf036 e-con-full e-flex e-con e-child\" data-id=\"64fbf036\" data-element_type=\"container\" data-e-type=\"container\">\n\t\t\t\t<div class=\"elementor-element elementor-element-437fc33 elementor-widget elementor-widget-text-editor\" data-id=\"437fc33\" data-element_type=\"widget\" data-e-type=\"widget\" data-widget_type=\"text-editor.default\">\n\t\t\t\t<div class=\"elementor-widget-container\">\n\t\t\t\t\t\t\t\t\t<div class=\"page_content_wrap\"><div class=\"content_wrap\"><div class=\"content\"><article id=\"post-1164\" class=\"team_member_page itemscope post-1164 cpt_team type-cpt_team status-publish has-post-thumbnail hentry cpt_team_group-ohuasi-staff full_post_read\" data-post-id=\"1164\"><div class=\"team_member_content team_member_page_content entry-content\"><div class=\"elementor elementor-1164\" data-elementor-type=\"wp-post\" data-elementor-id=\"1164\" data-elementor-post-type=\"cpt_team\"><section class=\"elementor-section elementor-top-section elementor-element elementor-element-1ced5fe elementor-section-boxed elementor-section-height-default elementor-section-height-default sc_fly_static trx_addons_parallax_layers_inited trx_addons_parallax_blocks_inited\" data-id=\"1ced5fe\" data-element_type=\"section\" data-settings=\"{&quot;background_background&quot;:&quot;classic&quot;}\"><div class=\"elementor-container elementor-column-gap-extended\"><div class=\"elementor-column elementor-col-100 elementor-top-column elementor-element elementor-element-8e14db5 sc_inner_width_none sc_content_align_inherit sc_layouts_column_icons_position_left sc_fly_static trx_addons_parallax_layers_inited trx_addons_parallax_blocks_inited\" data-id=\"8e14db5\" data-element_type=\"column\"><div class=\"elementor-widget-wrap elementor-element-populated\"><div class=\"elementor-element elementor-element-19bfc44 sc_fly_static elementor-widget elementor-widget-text-editor trx_addons_parallax_layers_inited trx_addons_parallax_blocks_inited\" data-id=\"19bfc44\" data-element_type=\"widget\" data-widget_type=\"text-editor.default\"><div class=\"elementor-widget-container\"><p>Jos\u00e9 Rabuge is the founder and Executive Director of Ohuasi Investment, SGOIC, SA, an investment fund management company focused on fixed income and high yield assets in emerging and frontier markets, which uses mathematical models, macro events and the analysis of short, medium and long time trends to make investment decisions.<\/p><p>He is a senior executive with more than 15 years in the telecommunications technology and information systems sector, having held leadership positions at Ericsson, a leading multinational in the sector.<\/p><p>During his career, he held prominent positions as a member of the Leadership Team for Sub-Saharan Africa, where he was responsible for business development and expansion in this market in Africa, due to his ability to identify growth opportunities in challenging markets.<\/p><p>His academic background is solid and diverse. He has a degree in Electrical Engineering from the University of Coimbra and postgraduate degrees in Information Systems and E-Business, Business Law and Administration from the University of Coimbra and the Catholic University, both renowned institutions in Portugal. He has participated in executive programs at prestigious institutions such as the London Business School and Boston University.<\/p><p>At Ohuasi, Jos\u00e9 Rabuge combines his technological experience, business vision and knowledge of emerging markets to generate value for Ohuasi's clients. This combination in such different areas positions him as an innovative leader in the investment management industry.<\/p><\/div><\/div><\/div><\/div><\/div><\/section><\/div><\/div><\/article><\/div><\/div><\/div>\t\t\t\t\t\t\t\t<\/div>\n\t\t\t\t<\/div>\n\t\t\t\t<\/div>\n\t\t\t\t<\/div>\n\t\t\t\t<div class=\"elementor-element elementor-element-35d5b368 elementor-widget-divider--view-line elementor-widget elementor-widget-divider\" data-id=\"35d5b368\" data-element_type=\"widget\" data-e-type=\"widget\" data-widget_type=\"divider.default\">\n\t\t\t\t<div class=\"elementor-widget-container\">\n\t\t\t\t\t\t\t<div class=\"elementor-divider\">\n\t\t\t<span class=\"elementor-divider-separator\">\n\t\t\t\t\t\t<\/span>\n\t\t<\/div>\n\t\t\t\t\t\t<\/div>\n\t\t\t\t<\/div>\n\t\t\t\t<\/div>\n\t\t\t\t<\/div>\n\t\t\t\t<\/div>","protected":false},"excerpt":{"rendered":"<p>Jos\u00e9 Rabuge Administrador Jos\u00e9 Rabuge \u00e9 fundador e Administrador Executivo da Ohuasi Investment, SGOIC, SA, uma sociedade gestora de fundos [&hellip;]<\/p>","protected":false},"author":1,"featured_media":0,"parent":0,"menu_order":0,"comment_status":"closed","ping_status":"closed","template":"elementor_header_footer","meta":{"site-sidebar-layout":"no-sidebar","site-content-layout":"","ast-site-content-layout":"full-width-container","site-content-style":"default","site-sidebar-style":"default","ast-global-header-display":"","ast-banner-title-visibility":"","ast-main-header-display":"","ast-hfb-above-header-display":"","ast-hfb-below-header-display":"","ast-hfb-mobile-header-display":"","site-post-title":"disabled","ast-breadcrumbs-content":"","ast-featured-img":"disabled","footer-sml-layout":"","theme-transparent-header-meta":"","adv-header-id-meta":"","stick-header-meta":"","header-above-stick-meta":"","header-main-stick-meta":"","header-below-stick-meta":"","astra-migrate-meta-layouts":"default","ast-page-background-enabled":"default","ast-page-background-meta":{"desktop":{"background-color":"var(--ast-global-color-5)","background-image":"","background-repeat":"repeat","background-position":"center center","background-size":"auto","background-attachment":"scroll","background-type":"","background-media":"","overlay-type":"","overlay-color":"","overlay-opacity":"","overlay-gradient":""},"tablet":{"background-color":"","background-image":"","background-repeat":"repeat","background-position":"center center","background-size":"auto","background-attachment":"scroll","background-type":"","background-media":"","overlay-type":"","overlay-color":"","overlay-opacity":"","overlay-gradient":""},"mobile":{"background-color":"","background-image":"","background-repeat":"repeat","background-position":"center center","background-size":"auto","background-attachment":"scroll","background-type":"","background-media":"","overlay-type":"","overlay-color":"","overlay-opacity":"","overlay-gradient":""}},"ast-content-background-meta":{"desktop":{"background-color":"var(--ast-global-color-4)","background-image":"","background-repeat":"repeat","background-position":"center center","background-size":"auto","background-attachment":"scroll","background-type":"","background-media":"","overlay-type":"","overlay-color":"","overlay-opacity":"","overlay-gradient":""},"tablet":{"background-color":"var(--ast-global-color-4)","background-image":"","background-repeat":"repeat","background-position":"center center","background-size":"auto","background-attachment":"scroll","background-type":"","background-media":"","overlay-type":"","overlay-color":"","overlay-opacity":"","overlay-gradient":""},"mobile":{"background-color":"var(--ast-global-color-4)","background-image":"","background-repeat":"repeat","background-position":"center center","background-size":"auto","background-attachment":"scroll","background-type":"","background-media":"","overlay-type":"","overlay-color":"","overlay-opacity":"","overlay-gradient":""}},"footnotes":""},"class_list":["post-475","page","type-page","status-publish","hentry"],"_links":{"self":[{"href":"https:\/\/ohuasi.ao\/en\/wp-json\/wp\/v2\/pages\/475","targetHints":{"allow":["GET"]}}],"collection":[{"href":"https:\/\/ohuasi.ao\/en\/wp-json\/wp\/v2\/pages"}],"about":[{"href":"https:\/\/ohuasi.ao\/en\/wp-json\/wp\/v2\/types\/page"}],"author":[{"embeddable":true,"href":"https:\/\/ohuasi.ao\/en\/wp-json\/wp\/v2\/users\/1"}],"replies":[{"embeddable":true,"href":"https:\/\/ohuasi.ao\/en\/wp-json\/wp\/v2\/comments?post=475"}],"version-history":[{"count":7,"href":"https:\/\/ohuasi.ao\/en\/wp-json\/wp\/v2\/pages\/475\/revisions"}],"predecessor-version":[{"id":1153,"href":"https:\/\/ohuasi.ao\/en\/wp-json\/wp\/v2\/pages\/475\/revisions\/1153"}],"wp:attachment":[{"href":"https:\/\/ohuasi.ao\/en\/wp-json\/wp\/v2\/media?parent=475"}],"curies":[{"name":"wp","href":"https:\/\/api.w.org\/{rel}","templated":true}]}}