{"id":451,"date":"2025-06-17T16:58:12","date_gmt":"2025-06-17T16:58:12","guid":{"rendered":"https:\/\/novosite.ohuasi.ao\/?page_id=451"},"modified":"2025-09-15T13:49:42","modified_gmt":"2025-09-15T13:49:42","slug":"augusto-baptista","status":"publish","type":"page","link":"https:\/\/ohuasi.ao\/en\/augusto-baptista\/","title":{"rendered":"Augusto Baptista"},"content":{"rendered":"<div data-elementor-type=\"wp-page\" data-elementor-id=\"451\" class=\"elementor elementor-451\" data-elementor-post-type=\"page\">\n\t\t\t\t<div data-particle_enable=\"false\" data-particle-mobile-disabled=\"false\" class=\"elementor-element elementor-element-51280972 e-con-full e-flex e-con e-parent\" data-id=\"51280972\" data-element_type=\"container\" data-e-type=\"container\" data-settings=\"{&quot;background_background&quot;:&quot;classic&quot;}\">\n\t\t<div data-particle_enable=\"false\" data-particle-mobile-disabled=\"false\" class=\"elementor-element elementor-element-7bcb9ace e-con-full e-flex e-con e-child\" data-id=\"7bcb9ace\" data-element_type=\"container\" data-e-type=\"container\">\n\t\t\t\t<div class=\"elementor-element elementor-element-a3442ae elementor-widget-divider--view-line elementor-widget elementor-widget-divider\" data-id=\"a3442ae\" data-element_type=\"widget\" data-e-type=\"widget\" data-widget_type=\"divider.default\">\n\t\t\t\t<div class=\"elementor-widget-container\">\n\t\t\t\t\t\t\t<div class=\"elementor-divider\">\n\t\t\t<span class=\"elementor-divider-separator\">\n\t\t\t\t\t\t<\/span>\n\t\t<\/div>\n\t\t\t\t\t\t<\/div>\n\t\t\t\t<\/div>\n\t\t<div data-particle_enable=\"false\" data-particle-mobile-disabled=\"false\" class=\"elementor-element elementor-element-2519db8f e-con-full e-flex e-con e-child\" data-id=\"2519db8f\" data-element_type=\"container\" data-e-type=\"container\">\n\t\t<div data-particle_enable=\"false\" data-particle-mobile-disabled=\"false\" class=\"elementor-element elementor-element-25350c60 e-con-full e-flex e-con e-child\" data-id=\"25350c60\" data-element_type=\"container\" data-e-type=\"container\">\n\t\t\t\t<div class=\"elementor-element elementor-element-208721d7 elementor-widget elementor-widget-heading\" data-id=\"208721d7\" data-element_type=\"widget\" data-e-type=\"widget\" data-widget_type=\"heading.default\">\n\t\t\t\t<div class=\"elementor-widget-container\">\n\t\t\t\t\t<h2 class=\"elementor-heading-title elementor-size-default\">Augusto Baptista<\/h2>\t\t\t\t<\/div>\n\t\t\t\t<\/div>\n\t\t\t\t<div class=\"elementor-element elementor-element-50bfe8a7 elementor-widget elementor-widget-heading\" data-id=\"50bfe8a7\" data-element_type=\"widget\" data-e-type=\"widget\" data-widget_type=\"heading.default\">\n\t\t\t\t<div class=\"elementor-widget-container\">\n\t\t\t\t\t<h6 class=\"elementor-heading-title elementor-size-default\">Chairman of the Board of Directors<\/h6>\t\t\t\t<\/div>\n\t\t\t\t<\/div>\n\t\t\t\t<div class=\"elementor-element elementor-element-392fff20 elementor-widget elementor-widget-image\" data-id=\"392fff20\" data-element_type=\"widget\" data-e-type=\"widget\" data-widget_type=\"image.default\">\n\t\t\t\t<div class=\"elementor-widget-container\">\n\t\t\t\t\t\t\t\t\t\t\t\t\t\t\t<img fetchpriority=\"high\" decoding=\"async\" width=\"840\" height=\"1259\" src=\"https:\/\/ohuasi.ao\/wp-content\/uploads\/2025\/06\/Augusto-Baptista-1-840x1259-2.jpg\" class=\"attachment-full size-full wp-image-391\" alt=\"\" \/>\t\t\t\t\t\t\t\t\t\t\t\t\t\t\t<\/div>\n\t\t\t\t<\/div>\n\t\t\t\t<\/div>\n\t\t<div data-particle_enable=\"false\" data-particle-mobile-disabled=\"false\" class=\"elementor-element elementor-element-64fbf036 e-con-full e-flex e-con e-child\" data-id=\"64fbf036\" data-element_type=\"container\" data-e-type=\"container\">\n\t\t\t\t<div class=\"elementor-element elementor-element-437fc33 elementor-widget elementor-widget-text-editor\" data-id=\"437fc33\" data-element_type=\"widget\" data-e-type=\"widget\" data-widget_type=\"text-editor.default\">\n\t\t\t\t<div class=\"elementor-widget-container\">\n\t\t\t\t\t\t\t\t\t<div class=\"page_content_wrap\"><div class=\"content_wrap\"><div class=\"content\"><article id=\"post-1164\" class=\"team_member_page itemscope post-1164 cpt_team type-cpt_team status-publish has-post-thumbnail hentry cpt_team_group-ohuasi-staff full_post_read\" data-post-id=\"1164\"><div class=\"team_member_content team_member_page_content entry-content\"><div class=\"elementor elementor-1164\" data-elementor-type=\"wp-post\" data-elementor-id=\"1164\" data-elementor-post-type=\"cpt_team\"><section class=\"elementor-section elementor-top-section elementor-element elementor-element-1ced5fe elementor-section-boxed elementor-section-height-default elementor-section-height-default sc_fly_static trx_addons_parallax_layers_inited trx_addons_parallax_blocks_inited\" data-id=\"1ced5fe\" data-element_type=\"section\" data-settings=\"{&quot;background_background&quot;:&quot;classic&quot;}\"><div class=\"elementor-container elementor-column-gap-extended\"><div class=\"elementor-column elementor-col-100 elementor-top-column elementor-element elementor-element-8e14db5 sc_inner_width_none sc_content_align_inherit sc_layouts_column_icons_position_left sc_fly_static trx_addons_parallax_layers_inited trx_addons_parallax_blocks_inited\" data-id=\"8e14db5\" data-element_type=\"column\"><div class=\"elementor-widget-wrap elementor-element-populated\"><div class=\"elementor-element elementor-element-19bfc44 sc_fly_static elementor-widget elementor-widget-text-editor trx_addons_parallax_layers_inited trx_addons_parallax_blocks_inited\" data-id=\"19bfc44\" data-element_type=\"widget\" data-widget_type=\"text-editor.default\"><div class=\"elementor-widget-container\"><div><div>Augusto Baptista is the founder and <i>CEO<\/i> of Ohuasi Investment, SGOIG, SA, an investment fund management company focused on fixed-income assets, and <i>high yield of <\/i>emerging markets<i> and frontier markets, <\/i>which uses mathematical models, macro events and the analysis of short, medium and long-term trends (<i>short\u00a0<\/i>e<i>\u00a0long time trends)<\/i>\u00a0for making investment decisions.<\/div><div>\u00a0<\/div><div>With a career spanning more than 20 years in the financial sector, this mature banker and financier has carried out important missions and functions in Angola and abroad.<\/div><div>\u00a0<\/div><div>At Banco Millennium Atl\u00e2ntico in Luanda, Augusto played important roles such as Vice-Chairman of the Executive Committee and the Board of Directors, responsible for digital transformation, large companies and investment banking. He played a critical role in expanding the customer base to more than 2 million in less than 3 years.<\/div><div>\u00a0<\/div><div>Before that, he was an Executive Director at Banco Privado Atl\u00e2ntico, making a significant contribution to the bank's growth.<\/div><div>He was also a director of Banco Atl\u00e2ntico Europa, in Lisbon, where he oversaw the growth of the correspondent banking network, which contributed significantly to the company's growth.\u00a0<i>break-even<\/i>\u00a0of the bank.<\/div><\/div><div>\u00a0<\/div><div><div>Before that, Augusto also worked as\u00a0<i>Tax Advisor<\/i>\u00a0at Exxon Mobil (Esso Angola) and as a\u00a0<i>Tax Assistant<\/i>\u00a0at Deloitte and Arthur Andersen in Lisbon.<\/div><div>\u00a0<\/div><div>Their training includes\u00a0<i>Negotiation Program\u00a0<\/i>by\u00a0<i>London School of Economics<\/i>,\u00a0<i>Oxford Fintech Programme<\/i>\u00a0Oxford University, Data Science\u00a0<i>UC Berkeley, Senior Management of<\/i>\u00a0companies in\u00a0<i>AESE and IESE<\/i>\u00a0<i>Business School<\/i>and a post-graduate degree in Tax Law and Law respectively from the\u00a0<i>University of Lisbon Law School<\/i>The oldest law school in the city.<\/div><div>\u00a0<\/div><div>Her personal interests include reading, Vipassana meditation and running.<\/div><div>Augusto is recognized for his ability to lead and motivate teams, and is a figure to be reckoned with in the transformation and innovation of the Angolan financial sector.<\/div><\/div><\/div><\/div><\/div><\/div><\/div><\/section><\/div><\/div><\/article><\/div><\/div><\/div>\t\t\t\t\t\t\t\t<\/div>\n\t\t\t\t<\/div>\n\t\t\t\t<\/div>\n\t\t\t\t<\/div>\n\t\t\t\t<div class=\"elementor-element elementor-element-35d5b368 elementor-widget-divider--view-line elementor-widget elementor-widget-divider\" data-id=\"35d5b368\" data-element_type=\"widget\" data-e-type=\"widget\" data-widget_type=\"divider.default\">\n\t\t\t\t<div class=\"elementor-widget-container\">\n\t\t\t\t\t\t\t<div class=\"elementor-divider\">\n\t\t\t<span class=\"elementor-divider-separator\">\n\t\t\t\t\t\t<\/span>\n\t\t<\/div>\n\t\t\t\t\t\t<\/div>\n\t\t\t\t<\/div>\n\t\t\t\t<\/div>\n\t\t\t\t<\/div>\n\t\t\t\t<\/div>","protected":false},"excerpt":{"rendered":"<p>Augusto Baptista Presidente do Conselho de Administra\u00e7\u00e3o Augusto Baptista \u00e9 fundador e CEO da Ohuasi Investment, SGOIG, SA, uma sociedade [&hellip;]<\/p>","protected":false},"author":1,"featured_media":0,"parent":0,"menu_order":0,"comment_status":"closed","ping_status":"closed","template":"elementor_header_footer","meta":{"site-sidebar-layout":"no-sidebar","site-content-layout":"","ast-site-content-layout":"full-width-container","site-content-style":"default","site-sidebar-style":"default","ast-global-header-display":"","ast-banner-title-visibility":"","ast-main-header-display":"","ast-hfb-above-header-display":"","ast-hfb-below-header-display":"","ast-hfb-mobile-header-display":"","site-post-title":"disabled","ast-breadcrumbs-content":"","ast-featured-img":"disabled","footer-sml-layout":"","theme-transparent-header-meta":"","adv-header-id-meta":"","stick-header-meta":"","header-above-stick-meta":"","header-main-stick-meta":"","header-below-stick-meta":"","astra-migrate-meta-layouts":"default","ast-page-background-enabled":"default","ast-page-background-meta":{"desktop":{"background-color":"var(--ast-global-color-5)","background-image":"","background-repeat":"repeat","background-position":"center center","background-size":"auto","background-attachment":"scroll","background-type":"","background-media":"","overlay-type":"","overlay-color":"","overlay-opacity":"","overlay-gradient":""},"tablet":{"background-color":"","background-image":"","background-repeat":"repeat","background-position":"center center","background-size":"auto","background-attachment":"scroll","background-type":"","background-media":"","overlay-type":"","overlay-color":"","overlay-opacity":"","overlay-gradient":""},"mobile":{"background-color":"","background-image":"","background-repeat":"repeat","background-position":"center center","background-size":"auto","background-attachment":"scroll","background-type":"","background-media":"","overlay-type":"","overlay-color":"","overlay-opacity":"","overlay-gradient":""}},"ast-content-background-meta":{"desktop":{"background-color":"var(--ast-global-color-4)","background-image":"","background-repeat":"repeat","background-position":"center center","background-size":"auto","background-attachment":"scroll","background-type":"","background-media":"","overlay-type":"","overlay-color":"","overlay-opacity":"","overlay-gradient":""},"tablet":{"background-color":"var(--ast-global-color-4)","background-image":"","background-repeat":"repeat","background-position":"center center","background-size":"auto","background-attachment":"scroll","background-type":"","background-media":"","overlay-type":"","overlay-color":"","overlay-opacity":"","overlay-gradient":""},"mobile":{"background-color":"var(--ast-global-color-4)","background-image":"","background-repeat":"repeat","background-position":"center center","background-size":"auto","background-attachment":"scroll","background-type":"","background-media":"","overlay-type":"","overlay-color":"","overlay-opacity":"","overlay-gradient":""}},"footnotes":""},"class_list":["post-451","page","type-page","status-publish","hentry"],"_links":{"self":[{"href":"https:\/\/ohuasi.ao\/en\/wp-json\/wp\/v2\/pages\/451","targetHints":{"allow":["GET"]}}],"collection":[{"href":"https:\/\/ohuasi.ao\/en\/wp-json\/wp\/v2\/pages"}],"about":[{"href":"https:\/\/ohuasi.ao\/en\/wp-json\/wp\/v2\/types\/page"}],"author":[{"embeddable":true,"href":"https:\/\/ohuasi.ao\/en\/wp-json\/wp\/v2\/users\/1"}],"replies":[{"embeddable":true,"href":"https:\/\/ohuasi.ao\/en\/wp-json\/wp\/v2\/comments?post=451"}],"version-history":[{"count":20,"href":"https:\/\/ohuasi.ao\/en\/wp-json\/wp\/v2\/pages\/451\/revisions"}],"predecessor-version":[{"id":1532,"href":"https:\/\/ohuasi.ao\/en\/wp-json\/wp\/v2\/pages\/451\/revisions\/1532"}],"wp:attachment":[{"href":"https:\/\/ohuasi.ao\/en\/wp-json\/wp\/v2\/media?parent=451"}],"curies":[{"name":"wp","href":"https:\/\/api.w.org\/{rel}","templated":true}]}}