{"id":1135,"date":"2025-06-27T10:41:43","date_gmt":"2025-06-27T10:41:43","guid":{"rendered":"https:\/\/novosite.ohuasi.ao\/?page_id=1135"},"modified":"2026-04-06T17:42:47","modified_gmt":"2026-04-06T17:42:47","slug":"gersia-capequel","status":"publish","type":"page","link":"https:\/\/ohuasi.ao\/en\/gersia-capequel\/","title":{"rendered":"Sorge Fonseca"},"content":{"rendered":"<div data-elementor-type=\"wp-page\" data-elementor-id=\"1135\" class=\"elementor elementor-1135\" data-elementor-post-type=\"page\">\n\t\t\t\t<div data-particle_enable=\"false\" data-particle-mobile-disabled=\"false\" class=\"elementor-element elementor-element-51280972 e-con-full e-flex e-con e-parent\" data-id=\"51280972\" data-element_type=\"container\" data-e-type=\"container\">\n\t\t<div data-particle_enable=\"false\" data-particle-mobile-disabled=\"false\" class=\"elementor-element elementor-element-7bcb9ace e-con-full e-flex e-con e-child\" data-id=\"7bcb9ace\" data-element_type=\"container\" data-e-type=\"container\">\n\t\t\t\t<div class=\"elementor-element elementor-element-a3442ae elementor-widget-divider--view-line elementor-widget elementor-widget-divider\" data-id=\"a3442ae\" data-element_type=\"widget\" data-e-type=\"widget\" data-widget_type=\"divider.default\">\n\t\t\t\t<div class=\"elementor-widget-container\">\n\t\t\t\t\t\t\t<div class=\"elementor-divider\">\n\t\t\t<span class=\"elementor-divider-separator\">\n\t\t\t\t\t\t<\/span>\n\t\t<\/div>\n\t\t\t\t\t\t<\/div>\n\t\t\t\t<\/div>\n\t\t<div data-particle_enable=\"false\" data-particle-mobile-disabled=\"false\" class=\"elementor-element elementor-element-2519db8f e-con-full e-flex e-con e-child\" data-id=\"2519db8f\" data-element_type=\"container\" data-e-type=\"container\">\n\t\t<div data-particle_enable=\"false\" data-particle-mobile-disabled=\"false\" class=\"elementor-element elementor-element-25350c60 e-con-full e-flex e-con e-child\" data-id=\"25350c60\" data-element_type=\"container\" data-e-type=\"container\">\n\t\t\t\t<div class=\"elementor-element elementor-element-208721d7 elementor-widget elementor-widget-heading\" data-id=\"208721d7\" data-element_type=\"widget\" data-e-type=\"widget\" data-widget_type=\"heading.default\">\n\t\t\t\t<div class=\"elementor-widget-container\">\n\t\t\t\t\t<h2 class=\"elementor-heading-title elementor-size-default\">Sorge Fonseca<\/h2>\t\t\t\t<\/div>\n\t\t\t\t<\/div>\n\t\t\t\t<div class=\"elementor-element elementor-element-50bfe8a7 elementor-widget elementor-widget-heading\" data-id=\"50bfe8a7\" data-element_type=\"widget\" data-e-type=\"widget\" data-widget_type=\"heading.default\">\n\t\t\t\t<div class=\"elementor-widget-container\">\n\t\t\t\t\t<h6 class=\"elementor-heading-title elementor-size-default\">Advisor to the Board of Directors<\/h6>\t\t\t\t<\/div>\n\t\t\t\t<\/div>\n\t\t\t\t<div class=\"elementor-element elementor-element-392fff20 elementor-widget elementor-widget-image\" data-id=\"392fff20\" data-element_type=\"widget\" data-e-type=\"widget\" data-widget_type=\"image.default\">\n\t\t\t\t<div class=\"elementor-widget-container\">\n\t\t\t\t\t\t\t\t\t\t\t\t\t\t\t<img decoding=\"async\" src=\"https:\/\/ohuasi.ao\/wp-content\/uploads\/2026\/04\/N0A6143-1-scaled.jpg\" title=\"\" alt=\"\" loading=\"lazy\" \/>\t\t\t\t\t\t\t\t\t\t\t\t\t\t\t<\/div>\n\t\t\t\t<\/div>\n\t\t\t\t<\/div>\n\t\t<div data-particle_enable=\"false\" data-particle-mobile-disabled=\"false\" class=\"elementor-element elementor-element-64fbf036 e-con-full e-flex e-con e-child\" data-id=\"64fbf036\" data-element_type=\"container\" data-e-type=\"container\">\n\t\t\t\t<div class=\"elementor-element elementor-element-437fc33 elementor-widget elementor-widget-text-editor\" data-id=\"437fc33\" data-element_type=\"widget\" data-e-type=\"widget\" data-widget_type=\"text-editor.default\">\n\t\t\t\t<div class=\"elementor-widget-container\">\n\t\t\t\t\t\t\t\t\t<p><strong>Sorge Fonseca<\/strong> He is an Advisor to the Board of Directors of Ohuasi Investments SGOIC, SA, where he contributes to the definition of corporate and investment policies, ensuring compliance with the CMC and international governance standards.<\/p><p>With a career spanning over 15 years in the Angolan financial sector, Sorge has built a solid track record in corporate banking, capital markets, and oil and gas. He began his career at Banco Privado Atl\u00e2ntico, where he served as Business Center Coordinator in the provinces of Huambo, Bi\u00e9, and Namibe, managing portfolios of SME and individual clients and ensuring compliance representation on the ground.<\/p><p>At Banco Prest\u00edgio, where he remained for almost eight years as Head of Corporate and Private Banking, he managed the Large Companies portfolio, collaborated with the Investment Banking Department, implemented bancassurance solutions, and was a member of the credit, liquidity, and ALCO committees.<\/p><p>At Fidelidade Companhia de Seguros Angola, he served as Deputy Director, coordinating four departments \u2014 Bancassurance, Corporate, China Business Unit, and Partnerships and Protocols.<\/p><p>At Banco Yetu, while serving as Deputy Director of Corporate, Institutional Clients, Private Banking, Oil &amp; Gas and Mining, Sorge led the creation and development of the Oil &amp; Gas, Energy and Mining department, one of his most remarkable achievements, developing innovative financing solutions for the sector and integrating the credit, liquidity and ALCO committees, as well as the Business, Products and Services Committee.<\/p><p>At Ohuasi Investments, he also served as Vice-President of the Supervisory Board, overseeing the company&#039;s activities and monitoring risk management and internal audit systems. In parallel, he works as a certified trainer for Client Portfolio Management and Client Centric modules at Everest Lda.<\/p><p>His academic background includes a Postgraduate Degree in Financial Markets: Portfolio Creation and Management from ISCTE \u2013 University Institute of Lisbon, an Internal Control in Banking Program from Cat\u00f3lica Lisbon School of Business and Economics, and an Executive Master in Banking Management from Cat\u00f3lica Porto Business School. He also holds Bloomberg certifications in BMF, BMC and ESG, and is a Certified Trainer by CENFOR.<\/p><p>\u00a0<\/p><p>Sorge is recognized for his ability to create and develop business areas from scratch, for his strategic vision in risk and portfolio management, and for his contribution to the modernization and professionalization of the Angolan financial sector.<\/p>\t\t\t\t\t\t\t\t<\/div>\n\t\t\t\t<\/div>\n\t\t\t\t<\/div>\n\t\t\t\t<\/div>\n\t\t\t\t<div class=\"elementor-element elementor-element-35d5b368 elementor-widget-divider--view-line elementor-widget elementor-widget-divider\" data-id=\"35d5b368\" data-element_type=\"widget\" data-e-type=\"widget\" data-widget_type=\"divider.default\">\n\t\t\t\t<div class=\"elementor-widget-container\">\n\t\t\t\t\t\t\t<div class=\"elementor-divider\">\n\t\t\t<span class=\"elementor-divider-separator\">\n\t\t\t\t\t\t<\/span>\n\t\t<\/div>\n\t\t\t\t\t\t<\/div>\n\t\t\t\t<\/div>\n\t\t\t\t<\/div>\n\t\t\t\t<\/div>\n\t\t\t\t<\/div>","protected":false},"excerpt":{"rendered":"<p>Sorge Fonseca Assessor do Conselho de Administra\u00e7\u00e3o Sorge Fonseca \u00e9 Assessor do Conselho de Administra\u00e7\u00e3o da Ohuasi Investments SGOIC, S.A., [&hellip;]<\/p>","protected":false},"author":1,"featured_media":0,"parent":0,"menu_order":0,"comment_status":"closed","ping_status":"closed","template":"elementor_header_footer","meta":{"site-sidebar-layout":"no-sidebar","site-content-layout":"","ast-site-content-layout":"full-width-container","site-content-style":"default","site-sidebar-style":"default","ast-global-header-display":"","ast-banner-title-visibility":"","ast-main-header-display":"","ast-hfb-above-header-display":"","ast-hfb-below-header-display":"","ast-hfb-mobile-header-display":"","site-post-title":"disabled","ast-breadcrumbs-content":"","ast-featured-img":"disabled","footer-sml-layout":"","theme-transparent-header-meta":"","adv-header-id-meta":"","stick-header-meta":"","header-above-stick-meta":"","header-main-stick-meta":"","header-below-stick-meta":"","astra-migrate-meta-layouts":"default","ast-page-background-enabled":"default","ast-page-background-meta":{"desktop":{"background-color":"var(--ast-global-color-5)","background-image":"","background-repeat":"repeat","background-position":"center center","background-size":"auto","background-attachment":"scroll","background-type":"","background-media":"","overlay-type":"","overlay-color":"","overlay-opacity":"","overlay-gradient":""},"tablet":{"background-color":"","background-image":"","background-repeat":"repeat","background-position":"center center","background-size":"auto","background-attachment":"scroll","background-type":"","background-media":"","overlay-type":"","overlay-color":"","overlay-opacity":"","overlay-gradient":""},"mobile":{"background-color":"","background-image":"","background-repeat":"repeat","background-position":"center center","background-size":"auto","background-attachment":"scroll","background-type":"","background-media":"","overlay-type":"","overlay-color":"","overlay-opacity":"","overlay-gradient":""}},"ast-content-background-meta":{"desktop":{"background-color":"var(--ast-global-color-4)","background-image":"","background-repeat":"repeat","background-position":"center center","background-size":"auto","background-attachment":"scroll","background-type":"","background-media":"","overlay-type":"","overlay-color":"","overlay-opacity":"","overlay-gradient":""},"tablet":{"background-color":"var(--ast-global-color-4)","background-image":"","background-repeat":"repeat","background-position":"center center","background-size":"auto","background-attachment":"scroll","background-type":"","background-media":"","overlay-type":"","overlay-color":"","overlay-opacity":"","overlay-gradient":""},"mobile":{"background-color":"var(--ast-global-color-4)","background-image":"","background-repeat":"repeat","background-position":"center center","background-size":"auto","background-attachment":"scroll","background-type":"","background-media":"","overlay-type":"","overlay-color":"","overlay-opacity":"","overlay-gradient":""}},"footnotes":""},"class_list":["post-1135","page","type-page","status-publish","hentry"],"_links":{"self":[{"href":"https:\/\/ohuasi.ao\/en\/wp-json\/wp\/v2\/pages\/1135","targetHints":{"allow":["GET"]}}],"collection":[{"href":"https:\/\/ohuasi.ao\/en\/wp-json\/wp\/v2\/pages"}],"about":[{"href":"https:\/\/ohuasi.ao\/en\/wp-json\/wp\/v2\/types\/page"}],"author":[{"embeddable":true,"href":"https:\/\/ohuasi.ao\/en\/wp-json\/wp\/v2\/users\/1"}],"replies":[{"embeddable":true,"href":"https:\/\/ohuasi.ao\/en\/wp-json\/wp\/v2\/comments?post=1135"}],"version-history":[{"count":19,"href":"https:\/\/ohuasi.ao\/en\/wp-json\/wp\/v2\/pages\/1135\/revisions"}],"predecessor-version":[{"id":1874,"href":"https:\/\/ohuasi.ao\/en\/wp-json\/wp\/v2\/pages\/1135\/revisions\/1874"}],"wp:attachment":[{"href":"https:\/\/ohuasi.ao\/en\/wp-json\/wp\/v2\/media?parent=1135"}],"curies":[{"name":"wp","href":"https:\/\/api.w.org\/{rel}","templated":true}]}}